{"id":5263,"date":"2023-07-17T15:01:21","date_gmt":"2023-07-17T19:01:21","guid":{"rendered":"https:\/\/copernic.com\/?page_id=5263"},"modified":"2024-01-04T22:31:00","modified_gmt":"2024-01-05T03:31:00","slug":"thank-you-newsletter","status":"publish","type":"page","link":"https:\/\/copernic.com\/fr\/thank-you-newsletter\/","title":{"rendered":"Thank You for Subscribing to Our Newsletter"},"content":{"rendered":"<style>.kb-row-layout-id5263_a75c5d-59 > .kt-row-column-wrap{align-content:center;}:where(.kb-row-layout-id5263_a75c5d-59 > .kt-row-column-wrap) > .wp-block-kadence-column{justify-content:center;}.kb-row-layout-id5263_a75c5d-59 > .kt-row-column-wrap{column-gap:var(--global-kb-gap-md, 2rem);row-gap:var(--global-kb-gap-md, 2rem);max-width:1920px;margin-left:auto;margin-right:auto;padding-top:var(--global-kb-spacing-sm, 1.5rem);padding-bottom:var(--global-kb-spacing-sm, 1.5rem);min-height:350px;grid-template-columns:minmax(0, 1fr);}.kb-row-layout-id5263_a75c5d-59{background-image:url('https:\/\/copernic.com\/wp-content\/uploads\/2023\/12\/entete-about.jpg');background-size:cover;background-position:center center;background-attachment:scroll;background-repeat:no-repeat;}.kb-row-layout-id5263_a75c5d-59 > .kt-row-layout-overlay{opacity:0.30;}@media all and (max-width: 1024px){.kb-row-layout-id5263_a75c5d-59 > .kt-row-column-wrap{grid-template-columns:minmax(0, 1fr);}}@media all and (max-width: 767px){.kb-row-layout-id5263_a75c5d-59 > .kt-row-column-wrap{min-height:250px;grid-template-columns:minmax(0, 1fr);}}<\/style><div class=\"kb-row-layout-wrap kb-row-layout-id5263_a75c5d-59 alignfull kt-row-has-bg wp-block-kadence-rowlayout\"><div class=\"kt-row-column-wrap kt-has-1-columns kt-row-layout-equal kt-tab-layout-inherit kt-mobile-layout-row kt-row-valign-middle\">\n<style>.kadence-column5263_1dce56-ec > .kt-inside-inner-col,.kadence-column5263_1dce56-ec > .kt-inside-inner-col:before{border-top-left-radius:0px;border-top-right-radius:0px;border-bottom-right-radius:0px;border-bottom-left-radius:0px;}.kadence-column5263_1dce56-ec > .kt-inside-inner-col{column-gap:var(--global-kb-gap-sm, 1rem);}.kadence-column5263_1dce56-ec > .kt-inside-inner-col{flex-direction:column;}.kadence-column5263_1dce56-ec > .kt-inside-inner-col > .aligncenter{width:100%;}.kadence-column5263_1dce56-ec > .kt-inside-inner-col:before{opacity:0.3;}.kadence-column5263_1dce56-ec{position:relative;}@media all and (max-width: 1024px){.kadence-column5263_1dce56-ec > .kt-inside-inner-col{flex-direction:column;justify-content:center;}}@media all and (max-width: 767px){.kadence-column5263_1dce56-ec > .kt-inside-inner-col{flex-direction:column;justify-content:center;}}<\/style>\n<div class=\"wp-block-kadence-column kadence-column5263_1dce56-ec\"><div class=\"kt-inside-inner-col\"><style>.wp-block-kadence-advancedheading.kt-adv-heading5263_d60daf-1f, .wp-block-kadence-advancedheading.kt-adv-heading5263_d60daf-1f[data-kb-block=\"kb-adv-heading5263_d60daf-1f\"]{text-align:center;font-size:63px;font-style:normal;}.wp-block-kadence-advancedheading.kt-adv-heading5263_d60daf-1f mark.kt-highlight, .wp-block-kadence-advancedheading.kt-adv-heading5263_d60daf-1f[data-kb-block=\"kb-adv-heading5263_d60daf-1f\"] mark.kt-highlight{font-style:normal;color:#f76a0c;-webkit-box-decoration-break:clone;box-decoration-break:clone;padding-top:0px;padding-right:0px;padding-bottom:0px;padding-left:0px;}.wp-block-kadence-advancedheading.kt-adv-heading5263_d60daf-1f img.kb-inline-image, .wp-block-kadence-advancedheading.kt-adv-heading5263_d60daf-1f[data-kb-block=\"kb-adv-heading5263_d60daf-1f\"] img.kb-inline-image{width:150px;vertical-align:baseline;}@media all and (max-width: 767px){.wp-block-kadence-advancedheading.kt-adv-heading5263_d60daf-1f, .wp-block-kadence-advancedheading.kt-adv-heading5263_d60daf-1f[data-kb-block=\"kb-adv-heading5263_d60daf-1f\"]{font-size:29px;text-align:left!important;}}<\/style>\n<h1 class=\"kt-adv-heading5263_d60daf-1f wp-block-kadence-advancedheading has-theme-palette-9-color has-text-color\" data-kb-block=\"kb-adv-heading5263_d60daf-1f\">Merci de vous \u00eatre abonn\u00e9(e) \u00e0 notre newsletter<\/h1>\n<\/div><\/div>\n\n<\/div><\/div>\n\n<style>.wp-block-kadence-advancedheading.kt-adv-heading5263_a2f40d-fa, .wp-block-kadence-advancedheading.kt-adv-heading5263_a2f40d-fa[data-kb-block=\"kb-adv-heading5263_a2f40d-fa\"]{font-style:normal;}.wp-block-kadence-advancedheading.kt-adv-heading5263_a2f40d-fa mark.kt-highlight, .wp-block-kadence-advancedheading.kt-adv-heading5263_a2f40d-fa[data-kb-block=\"kb-adv-heading5263_a2f40d-fa\"] mark.kt-highlight{font-style:normal;color:#f76a0c;-webkit-box-decoration-break:clone;box-decoration-break:clone;padding-top:0px;padding-right:0px;padding-bottom:0px;padding-left:0px;}.wp-block-kadence-advancedheading.kt-adv-heading5263_a2f40d-fa img.kb-inline-image, .wp-block-kadence-advancedheading.kt-adv-heading5263_a2f40d-fa[data-kb-block=\"kb-adv-heading5263_a2f40d-fa\"] img.kb-inline-image{width:150px;vertical-align:baseline;}@media all and (max-width: 767px){.wp-block-kadence-advancedheading.kt-adv-heading5263_a2f40d-fa, .wp-block-kadence-advancedheading.kt-adv-heading5263_a2f40d-fa[data-kb-block=\"kb-adv-heading5263_a2f40d-fa\"]{font-size:24px;}}<\/style>\n<h2 class=\"kt-adv-heading5263_a2f40d-fa wp-block-kadence-advancedheading\" data-kb-block=\"kb-adv-heading5263_a2f40d-fa\">Nous vous enverrons des articles utiles et des mises \u00e0 jour de temps en temps. N\u2019h\u00e9sitez pas \u00e0 consulter notre blog d\u00e8s aujourd\u2019hui!<\/h2>\n\n\n<style>.wp-block-kadence-spacer.kt-block-spacer-5263_d03a1d-c2 .kt-block-spacer{height:30px;}.wp-block-kadence-spacer.kt-block-spacer-5263_d03a1d-c2 .kt-divider{border-top-width:1px;height:1px;border-top-color:var(--global-palette3, #1A202C);width:100%;border-top-style:solid;}<\/style>\n<div class=\"wp-block-kadence-spacer aligncenter kt-block-spacer-5263_d03a1d-c2\"><div class=\"kt-block-spacer kt-block-spacer-halign-center\"><hr class=\"kt-divider\"\/><\/div><\/div>\n\n\n<style>.kt-post-loop5263_0924d6-26 .kadence-post-image{padding-top:0px;padding-right:0px;padding-bottom:0px;padding-left:0px;}.kt-post-loop5263_0924d6-26 .kt-post-grid-wrap{gap:30px 30px;}.kt-post-loop5263_0924d6-26 .kt-blocks-post-grid-item{border-top-left-radius:0px;border-top-right-radius:0px;border-bottom-right-radius:0px;border-bottom-left-radius:0px;border-top:0px solid rgba(0,0,0,0);border-right:0px solid rgba(0,0,0,0);border-bottom:0px solid rgba(0,0,0,0);border-left:0px solid rgba(0,0,0,0);overflow:hidden;box-shadow:0px 0px 14px 0px rgba(0, 0, 0, 0.2);}.kt-post-loop5263_0924d6-26 .kt-blocks-post-grid-item .kt-blocks-post-grid-item-inner{padding-top:15px;padding-right:25px;padding-bottom:25px;padding-left:25px;}.kt-post-loop5263_0924d6-26 .kt-blocks-post-grid-item header{padding-top:0px;padding-right:0px;padding-bottom:10px;padding-left:0px;margin-top:0px;margin-right:0px;margin-bottom:0px;margin-left:0px;}.kt-post-loop5263_0924d6-26 .kt-blocks-post-grid-item .entry-title{color:var(--global-palette1, #3182CE);padding-top:10px;padding-right:0px;padding-bottom:5px;padding-left:0px;margin-top:0px;margin-right:0px;margin-bottom:0px;margin-left:0px;font-size:24px;line-height:30px;font-weight:bold;}.kt-post-loop5263_0924d6-26 .kt-blocks-post-grid-item .kt-blocks-post-top-meta{color:#777777;}.kt-post-loop5263_0924d6-26 .kt-blocks-post-grid-item .kt-blocks-post-top-meta a{color:#777777;}.kt-post-loop5263_0924d6-26 .kt-blocks-post-grid-item .kt-blocks-post-top-meta a:hover{color:#444444;}.kt-post-loop5263_0924d6-26 .entry-content{padding-top:0px;padding-right:0px;padding-bottom:0px;padding-left:0px;margin-top:0px;margin-right:0px;margin-bottom:0px;margin-left:0px;}.kt-post-loop5263_0924d6-26 .kt-blocks-post-footer{color:#777777;border-top-width:0px;border-right-width:0px;border-bottom-width:0px;border-left-width:0px;padding-top:0px;padding-right:0px;padding-bottom:0px;padding-left:0px;margin-top:0px;margin-right:0px;margin-bottom:0px;margin-left:0px;font-size:12px;line-height:20px;}.kt-post-loop5263_0924d6-26 .entry-content:after{height:0px;}.kt-post-loop5263_0924d6-26 .kt-blocks-post-footer a{color:#777777;}.kt-post-loop5263_0924d6-26 .kt-blocks-post-footer a:hover{color:#444444;}.kt-post-loop5263_0924d6-26 .kb-filter-item{border-top-width:0px;border-right-width:0px;border-bottom-width:2px;border-left-width:0px;padding-top:5px;padding-right:8px;padding-bottom:5px;padding-left:8px;margin-top:0px;margin-right:10px;margin-bottom:0px;margin-left:0px;}@media all and (max-width: 1024px){.kt-post-loop5263_0924d6-26 .kt-blocks-post-grid-item{border-top:0px solid rgba(0,0,0,0);border-right:0px solid rgba(0,0,0,0);border-bottom:0px solid rgba(0,0,0,0);border-left:0px solid rgba(0,0,0,0);}}@media all and (max-width: 767px){.kt-post-loop5263_0924d6-26 .kt-blocks-post-grid-item{border-top:0px solid rgba(0,0,0,0);border-right:0px solid rgba(0,0,0,0);border-bottom:0px solid rgba(0,0,0,0);border-left:0px solid rgba(0,0,0,0);}}<\/style><div class=\"wp-block-kadence-postgrid kt-blocks-post-loop-block alignnone kt-post-loop5263_0924d6-26 kt-post-grid-layout-grid \"><div class=\"kt-post-grid-layout-grid-wrap kt-post-grid-wrap\" data-columns-xxl=\"2\" data-columns-xl=\"2\" data-columns-md=\"2\" data-columns-sm=\"2\" data-columns-xs=\"1\" data-columns-ss=\"1\"data-item-selector=\".kt-post-masonry-item\" aria-label=\"Post Carousel\"><article class=\"kt-blocks-post-grid-item post-10812 post type-post status-publish format-standard has-post-thumbnail hentry category-mode-demploi\"><div class=\"kt-blocks-post-grid-item-inner-wrap kt-feat-image-align-top kt-feat-image-mobile-align-top\"><div class=\"kadence-post-image\"><div class=\"kadence-post-image-intrisic kt-image-ratio-66-67\" style=\"padding-bottom:66.67%;\"><div class=\"kadence-post-image-inner-intrisic\"><a aria-hidden=\"true\" tabindex=\"-1\" role=\"presentation\" href=\"https:\/\/copernic.com\/fr\/2026\/04\/21\/exclure-des-fichiers-de-lindex-2\/\" aria-label=\"Exclure des fichiers de l&rsquo;index\" class=\"kadence-post-image-inner-wrap\"><img loading=\"lazy\" decoding=\"async\" width=\"1000\" height=\"667\" src=\"https:\/\/copernic.com\/wp-content\/uploads\/2026\/04\/Exclude-Files-from-the-Index.jpeg\" class=\"attachment-large size-large wp-post-image\" alt=\"Exclude Files from the Index\" srcset=\"https:\/\/copernic.com\/wp-content\/uploads\/2026\/04\/Exclude-Files-from-the-Index.jpeg 1000w, https:\/\/copernic.com\/wp-content\/uploads\/2026\/04\/Exclude-Files-from-the-Index-300x200.jpeg 300w, https:\/\/copernic.com\/wp-content\/uploads\/2026\/04\/Exclude-Files-from-the-Index-768x512.jpeg 768w\" sizes=\"auto, (max-width: 1000px) 100vw, 1000px\" \/><\/a><\/div><\/div><\/div><div class=\"kt-blocks-post-grid-item-inner\"><header><h2 class=\"entry-title\"><a href=\"https:\/\/copernic.com\/fr\/2026\/04\/21\/exclure-des-fichiers-de-lindex-2\/\">Exclure des fichiers de l&rsquo;index<\/a><\/h2><div class=\"kt-blocks-post-top-meta\"><div class=\"kt-blocks-date\"><time datetime=\"2026-04-21T12:39:53-04:00\" class=\"kt-blocks-post-date\">21 avril 2026<\/time><\/div><div class=\"kt-blocks-meta-divider kt-blocks-meta-no-divider\"><\/div><div class=\"kt-blocks-post-author\"><span class=\"kt-blocks-category-pretext\">Posted in <\/span><span class=\"kt-blocks-categories\"><a href=\"https:\/\/copernic.com\/fr\/category\/mode-demploi\/\" class=\"category-link-mode-demploi\" rel=\"tag\">Mode d&#039;emploi<\/a><\/span><\/div><\/div><\/header><div class=\"entry-content\">Selon votre situation, il est possible que vous ne souhaitiez pas que chaque fichier soit index\u00e9. Il est possible d&rsquo;exclure des fichiers du processus d&rsquo;indexation en suivant les \u00e9tapes d\u00e9crites ci-dessous. Dans la fen\u00eatre Options, l&rsquo;onglet Fichiers affiche la liste&#8230;<\/div><footer class=\"kt-blocks-post-footer\"><div class=\"kt-blocks-post-footer-left\"><\/div><div class=\"kt-blocks-post-footer-right\"><\/div><\/footer><\/div><\/div><\/article><article class=\"kt-blocks-post-grid-item post-10778 post type-post status-publish format-standard has-post-thumbnail hentry category-mode-demploi\"><div class=\"kt-blocks-post-grid-item-inner-wrap kt-feat-image-align-top kt-feat-image-mobile-align-top\"><div class=\"kadence-post-image\"><div class=\"kadence-post-image-intrisic kt-image-ratio-66-67\" style=\"padding-bottom:66.67%;\"><div class=\"kadence-post-image-inner-intrisic\"><a aria-hidden=\"true\" tabindex=\"-1\" role=\"presentation\" href=\"https:\/\/copernic.com\/fr\/2026\/04\/07\/vous-venez-dacheter-copernic-et-maintenant\/\" aria-label=\"Vous venez d&rsquo;acheter Copernic ! Et maintenant ?\" class=\"kadence-post-image-inner-wrap\"><img loading=\"lazy\" decoding=\"async\" width=\"1024\" height=\"683\" src=\"https:\/\/copernic.com\/wp-content\/uploads\/2026\/04\/Copernic-1024x683.jpg\" class=\"attachment-large size-large wp-post-image\" alt=\"Copernic Desktop and Cloud Search\" srcset=\"https:\/\/copernic.com\/wp-content\/uploads\/2026\/04\/Copernic-1024x683.jpg 1024w, https:\/\/copernic.com\/wp-content\/uploads\/2026\/04\/Copernic-300x200.jpg 300w, https:\/\/copernic.com\/wp-content\/uploads\/2026\/04\/Copernic-768x512.jpg 768w, https:\/\/copernic.com\/wp-content\/uploads\/2026\/04\/Copernic-1536x1025.jpg 1536w, https:\/\/copernic.com\/wp-content\/uploads\/2026\/04\/Copernic.jpg 1920w\" sizes=\"auto, (max-width: 1024px) 100vw, 1024px\" \/><\/a><\/div><\/div><\/div><div class=\"kt-blocks-post-grid-item-inner\"><header><h2 class=\"entry-title\"><a href=\"https:\/\/copernic.com\/fr\/2026\/04\/07\/vous-venez-dacheter-copernic-et-maintenant\/\">Vous venez d&rsquo;acheter Copernic ! Et maintenant ?<\/a><\/h2><div class=\"kt-blocks-post-top-meta\"><div class=\"kt-blocks-date\"><time datetime=\"2026-04-07T10:39:37-04:00\" class=\"kt-blocks-post-date\">7 avril 2026<\/time><\/div><div class=\"kt-blocks-meta-divider kt-blocks-meta-no-divider\"><\/div><div class=\"kt-blocks-post-author\"><span class=\"kt-blocks-category-pretext\">Posted in <\/span><span class=\"kt-blocks-categories\"><a href=\"https:\/\/copernic.com\/fr\/category\/mode-demploi\/\" class=\"category-link-mode-demploi\" rel=\"tag\">Mode d&#039;emploi<\/a><\/span><\/div><\/div><\/header><div class=\"entry-content\">F\u00e9licitations pour votre d\u00e9cision d&rsquo;ajouter Copernic \u00e0 votre arsenal d&rsquo;outils ! Une fois votre achat effectu\u00e9 par l&rsquo;interm\u00e9diaire de notre partenaire de paiement, vous recevrez un courriel de sa part (Avangate \/ 2Checkout) avec votre cl\u00e9 de licence. Si vous&#8230;<\/div><footer class=\"kt-blocks-post-footer\"><div class=\"kt-blocks-post-footer-left\"><\/div><div class=\"kt-blocks-post-footer-right\"><\/div><\/footer><\/div><\/div><\/article><\/div><\/div><!-- .wp-block-kadence-postgrid -->","protected":false},"excerpt":{"rendered":"<p>Merci de vous \u00eatre abonn\u00e9(e) \u00e0 notre newsletter Nous vous enverrons des articles utiles et des mises \u00e0 jour de temps en temps. N\u2019h\u00e9sitez pas \u00e0 consulter notre blog d\u00e8s aujourd\u2019hui!<\/p>\n","protected":false},"author":4,"featured_media":5892,"parent":0,"menu_order":0,"comment_status":"closed","ping_status":"closed","template":"","meta":{"_acf_changed":false,"inline_featured_image":false,"_kad_blocks_custom_css":"","_kad_blocks_head_custom_js":"","_kad_blocks_body_custom_js":"","_kad_blocks_footer_custom_js":"","_kad_post_transparent":"","_kad_post_title":"hide","_kad_post_layout":"","_kad_post_sidebar_id":"","_kad_post_content_style":"","_kad_post_vertical_padding":"bottom","_kad_post_feature":"","_kad_post_feature_position":"","_kad_post_header":false,"_kad_post_footer":false,"_kad_post_classname":"","footnotes":""},"class_list":["post-5263","page","type-page","status-publish","has-post-thumbnail","hentry"],"acf":[],"yoast_head":"<!-- This site is optimized with the Yoast SEO plugin v27.4 - https:\/\/yoast.com\/product\/yoast-seo-wordpress\/ -->\n<title>Merci de vous \u00eatre abonn\u00e9(e) \u00e0 notre newsletter | Copernic<\/title>\n<meta name=\"description\" content=\"Nous vous enverrons des articles utiles et des mises \u00e0 jour de temps en temps. N&#039;h\u00e9sitez pas \u00e0 consulter notre blog d\u00e8s aujourd&#039;hui! Quelle solution Copernic est la meilleure pour les gens sur votre liste de cadeaux ? Jeudi, 14 D\u00e9cembre 2023 Rentrez-vous chez vous cette saison des f\u00eates? Pendant que vous y \u00eates, vous\" \/>\n<meta name=\"robots\" content=\"index, follow, max-snippet:-1, max-image-preview:large, max-video-preview:-1\" \/>\n<link rel=\"canonical\" href=\"https:\/\/copernic.com\/fr\/thank-you-newsletter\/\" \/>\n<meta property=\"og:locale\" content=\"fr_CA\" \/>\n<meta property=\"og:type\" content=\"article\" \/>\n<meta property=\"og:title\" content=\"Merci de vous \u00eatre abonn\u00e9(e) \u00e0 notre newsletter | Copernic\" \/>\n<meta property=\"og:description\" content=\"Nous vous enverrons des articles utiles et des mises \u00e0 jour de temps en temps. N&#039;h\u00e9sitez pas \u00e0 consulter notre blog d\u00e8s aujourd&#039;hui! Quelle solution Copernic est la meilleure pour les gens sur votre liste de cadeaux ? Jeudi, 14 D\u00e9cembre 2023 Rentrez-vous chez vous cette saison des f\u00eates? Pendant que vous y \u00eates, vous\" \/>\n<meta property=\"og:url\" content=\"https:\/\/copernic.com\/fr\/thank-you-newsletter\/\" \/>\n<meta property=\"og:site_name\" content=\"Copernic\" \/>\n<meta property=\"article:modified_time\" content=\"2024-01-05T03:31:00+00:00\" \/>\n<meta property=\"og:image\" content=\"https:\/\/copernic.com\/wp-content\/uploads\/2023\/12\/copernic-smo.png\" \/>\n\t<meta property=\"og:image:width\" content=\"228\" \/>\n\t<meta property=\"og:image:height\" content=\"230\" \/>\n\t<meta property=\"og:image:type\" content=\"image\/png\" \/>\n<meta name=\"twitter:card\" content=\"summary_large_image\" \/>\n<meta name=\"twitter:label1\" content=\"Estimation du temps de lecture\" \/>\n\t<meta name=\"twitter:data1\" content=\"1 minute\" \/>\n<script type=\"application\/ld+json\" class=\"yoast-schema-graph\">{\"@context\":\"https:\\\/\\\/schema.org\",\"@graph\":[{\"@type\":\"WebPage\",\"@id\":\"https:\\\/\\\/copernic.com\\\/fr\\\/thank-you-newsletter\\\/\",\"url\":\"https:\\\/\\\/copernic.com\\\/fr\\\/thank-you-newsletter\\\/\",\"name\":\"Merci de vous \u00eatre abonn\u00e9(e) \u00e0 notre newsletter | Copernic\",\"isPartOf\":{\"@id\":\"https:\\\/\\\/copernic.com\\\/fr\\\/#website\"},\"primaryImageOfPage\":{\"@id\":\"https:\\\/\\\/copernic.com\\\/fr\\\/thank-you-newsletter\\\/#primaryimage\"},\"image\":{\"@id\":\"https:\\\/\\\/copernic.com\\\/fr\\\/thank-you-newsletter\\\/#primaryimage\"},\"thumbnailUrl\":\"https:\\\/\\\/copernic.com\\\/wp-content\\\/uploads\\\/2023\\\/12\\\/copernic-smo.png\",\"datePublished\":\"2023-07-17T19:01:21+00:00\",\"dateModified\":\"2024-01-05T03:31:00+00:00\",\"description\":\"Nous vous enverrons des articles utiles et des mises \u00e0 jour de temps en temps. N'h\u00e9sitez pas \u00e0 consulter notre blog d\u00e8s aujourd'hui! Quelle solution Copernic est la meilleure pour les gens sur votre liste de cadeaux ? Jeudi, 14 D\u00e9cembre 2023 Rentrez-vous chez vous cette saison des f\u00eates? Pendant que vous y \u00eates, vous\",\"breadcrumb\":{\"@id\":\"https:\\\/\\\/copernic.com\\\/fr\\\/thank-you-newsletter\\\/#breadcrumb\"},\"inLanguage\":\"fr-CA\",\"potentialAction\":[{\"@type\":\"ReadAction\",\"target\":[\"https:\\\/\\\/copernic.com\\\/fr\\\/thank-you-newsletter\\\/\"]}]},{\"@type\":\"ImageObject\",\"inLanguage\":\"fr-CA\",\"@id\":\"https:\\\/\\\/copernic.com\\\/fr\\\/thank-you-newsletter\\\/#primaryimage\",\"url\":\"https:\\\/\\\/copernic.com\\\/wp-content\\\/uploads\\\/2023\\\/12\\\/copernic-smo.png\",\"contentUrl\":\"https:\\\/\\\/copernic.com\\\/wp-content\\\/uploads\\\/2023\\\/12\\\/copernic-smo.png\",\"width\":228,\"height\":230},{\"@type\":\"BreadcrumbList\",\"@id\":\"https:\\\/\\\/copernic.com\\\/fr\\\/thank-you-newsletter\\\/#breadcrumb\",\"itemListElement\":[{\"@type\":\"ListItem\",\"position\":1,\"name\":\"Home\",\"item\":\"https:\\\/\\\/copernic.com\\\/fr\\\/home\\\/\"},{\"@type\":\"ListItem\",\"position\":2,\"name\":\"Thank You for Subscribing to Our Newsletter\"}]},{\"@type\":\"WebSite\",\"@id\":\"https:\\\/\\\/copernic.com\\\/fr\\\/#website\",\"url\":\"https:\\\/\\\/copernic.com\\\/fr\\\/\",\"name\":\"Copernic\",\"description\":\"\",\"publisher\":{\"@id\":\"https:\\\/\\\/copernic.com\\\/fr\\\/#organization\"},\"potentialAction\":[{\"@type\":\"SearchAction\",\"target\":{\"@type\":\"EntryPoint\",\"urlTemplate\":\"https:\\\/\\\/copernic.com\\\/fr\\\/?s={search_term_string}\"},\"query-input\":{\"@type\":\"PropertyValueSpecification\",\"valueRequired\":true,\"valueName\":\"search_term_string\"}}],\"inLanguage\":\"fr-CA\"},{\"@type\":\"Organization\",\"@id\":\"https:\\\/\\\/copernic.com\\\/fr\\\/#organization\",\"name\":\"Copernic\",\"url\":\"https:\\\/\\\/copernic.com\\\/fr\\\/\",\"logo\":{\"@type\":\"ImageObject\",\"inLanguage\":\"fr-CA\",\"@id\":\"https:\\\/\\\/copernic.com\\\/fr\\\/#\\\/schema\\\/logo\\\/image\\\/\",\"url\":\"https:\\\/\\\/copernic.com\\\/wp-content\\\/uploads\\\/2023\\\/12\\\/logo.png\",\"contentUrl\":\"https:\\\/\\\/copernic.com\\\/wp-content\\\/uploads\\\/2023\\\/12\\\/logo.png\",\"width\":238,\"height\":68,\"caption\":\"Copernic\"},\"image\":{\"@id\":\"https:\\\/\\\/copernic.com\\\/fr\\\/#\\\/schema\\\/logo\\\/image\\\/\"}}]}<\/script>\n<!-- \/ Yoast SEO plugin. -->","yoast_head_json":{"title":"Merci de vous \u00eatre abonn\u00e9(e) \u00e0 notre newsletter | Copernic","description":"Nous vous enverrons des articles utiles et des mises \u00e0 jour de temps en temps. N'h\u00e9sitez pas \u00e0 consulter notre blog d\u00e8s aujourd'hui! Quelle solution Copernic est la meilleure pour les gens sur votre liste de cadeaux ? Jeudi, 14 D\u00e9cembre 2023 Rentrez-vous chez vous cette saison des f\u00eates? Pendant que vous y \u00eates, vous","robots":{"index":"index","follow":"follow","max-snippet":"max-snippet:-1","max-image-preview":"max-image-preview:large","max-video-preview":"max-video-preview:-1"},"canonical":"https:\/\/copernic.com\/fr\/thank-you-newsletter\/","og_locale":"fr_CA","og_type":"article","og_title":"Merci de vous \u00eatre abonn\u00e9(e) \u00e0 notre newsletter | Copernic","og_description":"Nous vous enverrons des articles utiles et des mises \u00e0 jour de temps en temps. N'h\u00e9sitez pas \u00e0 consulter notre blog d\u00e8s aujourd'hui! Quelle solution Copernic est la meilleure pour les gens sur votre liste de cadeaux ? Jeudi, 14 D\u00e9cembre 2023 Rentrez-vous chez vous cette saison des f\u00eates? Pendant que vous y \u00eates, vous","og_url":"https:\/\/copernic.com\/fr\/thank-you-newsletter\/","og_site_name":"Copernic","article_modified_time":"2024-01-05T03:31:00+00:00","og_image":[{"width":228,"height":230,"url":"https:\/\/copernic.com\/wp-content\/uploads\/2023\/12\/copernic-smo.png","type":"image\/png"}],"twitter_card":"summary_large_image","twitter_misc":{"Estimation du temps de lecture":"1 minute"},"schema":{"@context":"https:\/\/schema.org","@graph":[{"@type":"WebPage","@id":"https:\/\/copernic.com\/fr\/thank-you-newsletter\/","url":"https:\/\/copernic.com\/fr\/thank-you-newsletter\/","name":"Merci de vous \u00eatre abonn\u00e9(e) \u00e0 notre newsletter | Copernic","isPartOf":{"@id":"https:\/\/copernic.com\/fr\/#website"},"primaryImageOfPage":{"@id":"https:\/\/copernic.com\/fr\/thank-you-newsletter\/#primaryimage"},"image":{"@id":"https:\/\/copernic.com\/fr\/thank-you-newsletter\/#primaryimage"},"thumbnailUrl":"https:\/\/copernic.com\/wp-content\/uploads\/2023\/12\/copernic-smo.png","datePublished":"2023-07-17T19:01:21+00:00","dateModified":"2024-01-05T03:31:00+00:00","description":"Nous vous enverrons des articles utiles et des mises \u00e0 jour de temps en temps. N'h\u00e9sitez pas \u00e0 consulter notre blog d\u00e8s aujourd'hui! Quelle solution Copernic est la meilleure pour les gens sur votre liste de cadeaux ? Jeudi, 14 D\u00e9cembre 2023 Rentrez-vous chez vous cette saison des f\u00eates? Pendant que vous y \u00eates, vous","breadcrumb":{"@id":"https:\/\/copernic.com\/fr\/thank-you-newsletter\/#breadcrumb"},"inLanguage":"fr-CA","potentialAction":[{"@type":"ReadAction","target":["https:\/\/copernic.com\/fr\/thank-you-newsletter\/"]}]},{"@type":"ImageObject","inLanguage":"fr-CA","@id":"https:\/\/copernic.com\/fr\/thank-you-newsletter\/#primaryimage","url":"https:\/\/copernic.com\/wp-content\/uploads\/2023\/12\/copernic-smo.png","contentUrl":"https:\/\/copernic.com\/wp-content\/uploads\/2023\/12\/copernic-smo.png","width":228,"height":230},{"@type":"BreadcrumbList","@id":"https:\/\/copernic.com\/fr\/thank-you-newsletter\/#breadcrumb","itemListElement":[{"@type":"ListItem","position":1,"name":"Home","item":"https:\/\/copernic.com\/fr\/home\/"},{"@type":"ListItem","position":2,"name":"Thank You for Subscribing to Our Newsletter"}]},{"@type":"WebSite","@id":"https:\/\/copernic.com\/fr\/#website","url":"https:\/\/copernic.com\/fr\/","name":"Copernic","description":"","publisher":{"@id":"https:\/\/copernic.com\/fr\/#organization"},"potentialAction":[{"@type":"SearchAction","target":{"@type":"EntryPoint","urlTemplate":"https:\/\/copernic.com\/fr\/?s={search_term_string}"},"query-input":{"@type":"PropertyValueSpecification","valueRequired":true,"valueName":"search_term_string"}}],"inLanguage":"fr-CA"},{"@type":"Organization","@id":"https:\/\/copernic.com\/fr\/#organization","name":"Copernic","url":"https:\/\/copernic.com\/fr\/","logo":{"@type":"ImageObject","inLanguage":"fr-CA","@id":"https:\/\/copernic.com\/fr\/#\/schema\/logo\/image\/","url":"https:\/\/copernic.com\/wp-content\/uploads\/2023\/12\/logo.png","contentUrl":"https:\/\/copernic.com\/wp-content\/uploads\/2023\/12\/logo.png","width":238,"height":68,"caption":"Copernic"},"image":{"@id":"https:\/\/copernic.com\/fr\/#\/schema\/logo\/image\/"}}]}},"taxonomy_info":[],"featured_image_src_large":["https:\/\/copernic.com\/wp-content\/uploads\/2023\/12\/copernic-smo.png",228,230,false],"author_info":{"display_name":"Robert Cooper","author_link":"https:\/\/copernic.com\/fr\/author\/plusroi\/"},"comment_info":0,"_links":{"self":[{"href":"https:\/\/copernic.com\/fr\/wp-json\/wp\/v2\/pages\/5263","targetHints":{"allow":["GET"]}}],"collection":[{"href":"https:\/\/copernic.com\/fr\/wp-json\/wp\/v2\/pages"}],"about":[{"href":"https:\/\/copernic.com\/fr\/wp-json\/wp\/v2\/types\/page"}],"author":[{"embeddable":true,"href":"https:\/\/copernic.com\/fr\/wp-json\/wp\/v2\/users\/4"}],"replies":[{"embeddable":true,"href":"https:\/\/copernic.com\/fr\/wp-json\/wp\/v2\/comments?post=5263"}],"version-history":[{"count":3,"href":"https:\/\/copernic.com\/fr\/wp-json\/wp\/v2\/pages\/5263\/revisions"}],"predecessor-version":[{"id":7916,"href":"https:\/\/copernic.com\/fr\/wp-json\/wp\/v2\/pages\/5263\/revisions\/7916"}],"wp:featuredmedia":[{"embeddable":true,"href":"https:\/\/copernic.com\/fr\/wp-json\/wp\/v2\/media\/5892"}],"wp:attachment":[{"href":"https:\/\/copernic.com\/fr\/wp-json\/wp\/v2\/media?parent=5263"}],"curies":[{"name":"wp","href":"https:\/\/api.w.org\/{rel}","templated":true}]}}