{"id":5356,"date":"2023-08-23T09:28:16","date_gmt":"2023-08-23T13:28:16","guid":{"rendered":"https:\/\/copernic.com\/?page_id=5356"},"modified":"2024-01-04T21:59:30","modified_gmt":"2024-01-05T02:59:30","slug":"politique-temoins","status":"publish","type":"page","link":"https:\/\/copernic.com\/fr\/politique-temoins\/","title":{"rendered":"Cookies Policy"},"content":{"rendered":"<style>.kb-row-layout-wrap.wp-block-kadence-rowlayout.kb-row-layout-id5356_6039c4-55{margin-bottom:var(--global-kb-spacing-lg, 3rem);}.kb-row-layout-id5356_6039c4-55 > .kt-row-column-wrap{align-content:center;}:where(.kb-row-layout-id5356_6039c4-55 > .kt-row-column-wrap) > .wp-block-kadence-column{justify-content:center;}.kb-row-layout-id5356_6039c4-55 > .kt-row-column-wrap{column-gap:var(--global-kb-gap-md, 2rem);row-gap:var(--global-kb-gap-md, 2rem);max-width:1500px;margin-left:auto;margin-right:auto;padding-top:var(--global-kb-spacing-sm, 1.5rem);padding-bottom:var(--global-kb-spacing-sm, 1.5rem);min-height:350px;grid-template-columns:minmax(0, 1fr);}.kb-row-layout-id5356_6039c4-55{background-image:url('https:\/\/copernic.com\/wp-content\/uploads\/2023\/12\/entete-about.jpg');background-size:cover;background-position:center center;background-attachment:scroll;background-repeat:no-repeat;}.kb-row-layout-id5356_6039c4-55 > .kt-row-layout-overlay{opacity:0.30;}@media all and (max-width: 1024px){.kb-row-layout-id5356_6039c4-55 > .kt-row-column-wrap{grid-template-columns:minmax(0, 1fr);}}@media all and (max-width: 767px){.kb-row-layout-id5356_6039c4-55 > .kt-row-column-wrap{min-height:250px;grid-template-columns:minmax(0, 1fr);}}<\/style><div class=\"kb-row-layout-wrap kb-row-layout-id5356_6039c4-55 alignfull kt-row-has-bg wp-block-kadence-rowlayout\"><div class=\"kt-row-column-wrap kt-has-1-columns kt-row-layout-equal kt-tab-layout-inherit kt-mobile-layout-row kt-row-valign-middle\">\n<style>.kadence-column5356_80b393-9d > .kt-inside-inner-col,.kadence-column5356_80b393-9d > .kt-inside-inner-col:before{border-top-left-radius:0px;border-top-right-radius:0px;border-bottom-right-radius:0px;border-bottom-left-radius:0px;}.kadence-column5356_80b393-9d > .kt-inside-inner-col{column-gap:var(--global-kb-gap-sm, 1rem);}.kadence-column5356_80b393-9d > .kt-inside-inner-col{flex-direction:column;}.kadence-column5356_80b393-9d > .kt-inside-inner-col > .aligncenter{width:100%;}.kadence-column5356_80b393-9d > .kt-inside-inner-col:before{opacity:0.3;}.kadence-column5356_80b393-9d{position:relative;}@media all and (max-width: 1024px){.kadence-column5356_80b393-9d > .kt-inside-inner-col{flex-direction:column;justify-content:center;}}@media all and (max-width: 767px){.kadence-column5356_80b393-9d > .kt-inside-inner-col{flex-direction:column;justify-content:center;}}<\/style>\n<div class=\"wp-block-kadence-column kadence-column5356_80b393-9d\" data-aos=\"fade-up\"><div class=\"kt-inside-inner-col\"><style>.wp-block-kadence-advancedheading.kt-adv-heading5356_3797c9-f8, .wp-block-kadence-advancedheading.kt-adv-heading5356_3797c9-f8[data-kb-block=\"kb-adv-heading5356_3797c9-f8\"]{font-size:63px;line-height:1.1;font-style:normal;}.wp-block-kadence-advancedheading.kt-adv-heading5356_3797c9-f8 mark.kt-highlight, .wp-block-kadence-advancedheading.kt-adv-heading5356_3797c9-f8[data-kb-block=\"kb-adv-heading5356_3797c9-f8\"] mark.kt-highlight{font-style:normal;color:#f76a0c;-webkit-box-decoration-break:clone;box-decoration-break:clone;padding-top:0px;padding-right:0px;padding-bottom:0px;padding-left:0px;}.wp-block-kadence-advancedheading.kt-adv-heading5356_3797c9-f8 img.kb-inline-image, .wp-block-kadence-advancedheading.kt-adv-heading5356_3797c9-f8[data-kb-block=\"kb-adv-heading5356_3797c9-f8\"] img.kb-inline-image{width:150px;vertical-align:baseline;}@media all and (max-width: 767px){.wp-block-kadence-advancedheading.kt-adv-heading5356_3797c9-f8, .wp-block-kadence-advancedheading.kt-adv-heading5356_3797c9-f8[data-kb-block=\"kb-adv-heading5356_3797c9-f8\"]{font-size:29px;}}<\/style>\n<h1 class=\"kt-adv-heading5356_3797c9-f8 wp-block-kadence-advancedheading has-theme-palette-9-color has-text-color\" data-kb-block=\"kb-adv-heading5356_3797c9-f8\">Politique sur les t\u00e9moins<\/h1>\n<\/div><\/div>\n\n<\/div><\/div>\n\n\n<h3 class=\"wp-block-heading has-theme-palette-1-color has-text-color has-link-color wp-elements-170cc70333b05c756728bf9d94eb2c58\">T\u00e9moins et technologies semblables<\/h3>\n\n\n\n<h4 class=\"wp-block-heading\">T\u00e9moins de premi\u00e8re et de tierce parties<\/h4>\n\n\n\n<p>Un \u00ab t\u00e9moin \u00bb est un petit fichier cr\u00e9\u00e9 par un serveur Web qui peut \u00eatre stock\u00e9 sur votre appareil (si vous l&rsquo;autorisez) pour \u00eatre utilis\u00e9 soit pendant une session de navigation particuli\u00e8re (t\u00e9moin \u00ab temporaire \u00bb), soit lors d&rsquo;une session de navigation ult\u00e9rieure (t\u00e9moin \u00ab persistant \u00bb ou \u00ab permanent \u00bb). Les t\u00e9moins \u00ab temporaires \u00bb sont conserv\u00e9s provisoirement sur votre disque dur et ne durent que jusqu&rsquo;\u00e0 leur expiration \u00e0 la fin de votre session de navigation. Les t\u00e9moins \u00ab persistants \u00bb ou \u00ab permanents \u00bb demeurent sur votre disque dur jusqu\u2019\u00e0 ce qu\u2019ils expirent ou que vous les supprimiez. Des objets locaux partag\u00e9s (t\u00e9moins \u00ab flash \u00bb) sont utilis\u00e9s pour collecter et stocker des informations sur vos pr\u00e9f\u00e9rences et votre navigation vers, depuis et sur un site Web. Les t\u00e9moins de premi\u00e8re partie sont mis en place par le site Web que vous visitez, et ils ne peuvent \u00eatre lus que par ce site. Les t\u00e9moins tiers sont mis en place par une partie autre que ce site Web.<\/p>\n\n\n\n<h4 class=\"wp-block-heading\">Autres technologies semblables<\/h4>\n\n\n\n<p>Outre les t\u00e9moins, il existe d&rsquo;autres technologies de collecte automatique de donn\u00e9es, telles que les balises Internet, les pixels espions (images invisibles, pixels invisibles) et la collecte de donn\u00e9es de navigation (fichiers journaux, journaux de serveur, etc.) qui peuvent \u00eatre utilis\u00e9es pour recueillir des donn\u00e9es lorsque les utilisateurs naviguent sur un site Web et interagissent avec lui. Par exemple, les pixels espions sont de minuscules graphiques dot\u00e9s d&rsquo;identifiants uniques qui sont utilis\u00e9s pour comprendre l&rsquo;activit\u00e9 de navigation. De plus, les codes du module de suivi Urchin (UTM) sont des cha\u00eenes de caract\u00e8res qui peuvent appara\u00eetre dans une URL quand vous naviguez d\u2019une page Web ou d\u2019un site Web \u00e0 l\u2019autre. Ce type de cha\u00eene peut contenir des informations sur la navigation telles que la publicit\u00e9, la page ou l&rsquo;\u00e9diteur qui a envoy\u00e9 l&rsquo;utilisateur sur le site Web de destination.<\/p>\n\n\n\n<h3 class=\"wp-block-heading has-theme-palette-1-color has-text-color has-link-color wp-elements-8f92be2dfcdf1d5934e1b2506e870968\">Quels t\u00e9moins et technologies semblables sont utilis\u00e9s et comment le sont-ils?<\/h3>\n\n\n\n<h4 class=\"wp-block-heading\">Autres technologies tierces<\/h4>\n\n\n\n<p>Certains tiers peuvent utiliser des technologies de collecte de donn\u00e9es automatis\u00e9e pour recueillir des renseignements \u00e0 votre sujet quand vous naviguez sur Internet. Nous n\u2019exer\u00e7ons aucun contr\u00f4le sur ces technologies tierces, ni sur la fa\u00e7on dont elles sont utilis\u00e9es. Si vous avez des questions sur le contenu cibl\u00e9, vous devez communiquer directement avec la partie responsable ou consulter sa politique de confidentialit\u00e9.<\/p>\n\n\n\n<h4 class=\"wp-block-heading\">Vos choix en mati\u00e8re de t\u00e9moins<\/h4>\n\n\n\n<p>La plupart des navigateurs Web sont configur\u00e9s par d\u00e9faut pour accepter les t\u00e9moins. Si vous ne souhaitez pas recevoir de t\u00e9moins, vous pouvez r\u00e9gler votre navigateur pour qu&rsquo;il refuse tous les types de t\u00e9moins ou certains d&rsquo;entre eux, ou pour qu&rsquo;il vous avertisse lorsque des t\u00e9moins sont envoy\u00e9s par des technologies de sites Web. Ces r\u00e9glages pourraient vous emp\u00eacher de profiter de toutes les fonctionnalit\u00e9s du Site. Aussi, l&rsquo;ajustement des param\u00e8tres de t\u00e9moins peut ne pas supprimer compl\u00e8tement tous les t\u00e9moins qui ont d\u00e9j\u00e0 \u00e9t\u00e9 cr\u00e9\u00e9s. Pour les supprimer, acc\u00e9dez aux r\u00e9glages de votre navigateur apr\u00e8s avoir modifi\u00e9 vos param\u00e8tres de t\u00e9moins. Des informations suppl\u00e9mentaires sont accessibles ci-dessous sur la mani\u00e8re de d\u00e9sactiver les t\u00e9moins ou d\u2019en g\u00e9rer les param\u00e8tres pour certains des principaux navigateurs Web :<\/p>\n\n\n\n<p>Google Chrome: https:\/\/support.google.com\/chrome\/answer\/95647?hl=fr<\/p>\n\n\n\n<p>Firefox: https:\/\/support.mozilla.org\/fr\/kb\/protection-renforcee-contre-pistage-firefox-ordinateur?redirectslug=autoriser-bloquer-cookies-preferences-sites&amp;redirectlocale=fr<\/p>\n\n\n\n<p>Internet Explorer: https:\/\/support.microsoft.com\/fr-fr\/windows\/supprimer-et-g%C3%A9rer-les-cookies-168dab11-0753-043d-7c16-ede5947fc64d<\/p>\n\n\n\n<p>Safari: https:\/\/support.apple.com\/fr-fr\/guide\/safari\/sfri11471\/mac et https:\/\/support.apple.com\/fr-ca\/HT201265<\/p>\n\n\n\n<p>Pour savoir comment g\u00e9rer vos r\u00e9glages de t\u00e9moins Flash, visitez la page des Param\u00e8tres de contr\u00f4le d\u2019acc\u00e8s Flash sur la page Web d&rsquo;Adobe au :<\/p>\n\n\n\n<p><a href=\"https:\/\/www.macromedia.com\/support\/documentation\/fr\/flashplayer\/help\/help09.html.\" target=\"_blank\" rel=\"noreferrer noopener\">https:\/\/www.macromedia.com\/support\/documentation\/fr\/flashplayer\/help\/help09.html.<\/a><\/p>\n\n\n\n<p>Pour de plus amples renseignements sur la fa\u00e7on de modifier les param\u00e8tres de votre navigateur afin de bloquer ou de filtrer les t\u00e9moins, visitez le http:\/\/www.aboutcookies.org\/.<\/p>\n\n\n\n<p>Pour en savoir plus sur les pratiques en mati\u00e8re de publicit\u00e9 sur Internet et sur les ressources disponibles pour les consommateurs, consultez les sites http:\/\/www.aboutads.info\/consumers\/, http:\/\/www.networkadvertising.org\/understanding-online-advertising\/how-does-it-work ou http:\/\/www.networkadvertising.org\/choices.<\/p>\n","protected":false},"excerpt":{"rendered":"<p>Politique sur les t\u00e9moins T\u00e9moins et technologies semblables T\u00e9moins de premi\u00e8re et de tierce parties Un \u00ab t\u00e9moin \u00bb est un petit fichier cr\u00e9\u00e9 par un serveur Web qui peut \u00eatre stock\u00e9 sur votre appareil (si vous l&rsquo;autorisez) pour \u00eatre utilis\u00e9 soit pendant une session de navigation particuli\u00e8re (t\u00e9moin \u00ab temporaire \u00bb), soit lors d&rsquo;une&#8230;<\/p>\n","protected":false},"author":3,"featured_media":5892,"parent":0,"menu_order":0,"comment_status":"closed","ping_status":"closed","template":"","meta":{"_acf_changed":false,"inline_featured_image":false,"_kad_blocks_custom_css":"","_kad_blocks_head_custom_js":"","_kad_blocks_body_custom_js":"","_kad_blocks_footer_custom_js":"","_kad_post_transparent":"","_kad_post_title":"hide","_kad_post_layout":"","_kad_post_sidebar_id":"","_kad_post_content_style":"","_kad_post_vertical_padding":"bottom","_kad_post_feature":"","_kad_post_feature_position":"","_kad_post_header":false,"_kad_post_footer":false,"_kad_post_classname":"","footnotes":""},"class_list":["post-5356","page","type-page","status-publish","has-post-thumbnail","hentry"],"acf":[],"yoast_head":"<!-- This site is optimized with the Yoast SEO plugin v27.4 - https:\/\/yoast.com\/product\/yoast-seo-wordpress\/ -->\n<title>Cookies Policy | Copernic<\/title>\n<meta name=\"robots\" content=\"index, follow, max-snippet:-1, max-image-preview:large, max-video-preview:-1\" \/>\n<link rel=\"canonical\" href=\"https:\/\/copernic.com\/fr\/politique-temoins\/\" \/>\n<meta property=\"og:locale\" content=\"fr_CA\" \/>\n<meta property=\"og:type\" content=\"article\" \/>\n<meta property=\"og:title\" content=\"Cookies Policy | Copernic\" \/>\n<meta property=\"og:description\" content=\"Politique sur les t\u00e9moins T\u00e9moins et technologies semblables T\u00e9moins de premi\u00e8re et de tierce parties Un \u00ab t\u00e9moin \u00bb est un petit fichier cr\u00e9\u00e9 par un serveur Web qui peut \u00eatre stock\u00e9 sur votre appareil (si vous l&rsquo;autorisez) pour \u00eatre utilis\u00e9 soit pendant une session de navigation particuli\u00e8re (t\u00e9moin \u00ab temporaire \u00bb), soit lors d&rsquo;une...\" \/>\n<meta property=\"og:url\" content=\"https:\/\/copernic.com\/fr\/politique-temoins\/\" \/>\n<meta property=\"og:site_name\" content=\"Copernic\" \/>\n<meta property=\"article:modified_time\" content=\"2024-01-05T02:59:30+00:00\" \/>\n<meta property=\"og:image\" content=\"https:\/\/copernic.com\/wp-content\/uploads\/2023\/12\/copernic-smo.png\" \/>\n\t<meta property=\"og:image:width\" content=\"228\" \/>\n\t<meta property=\"og:image:height\" content=\"230\" \/>\n\t<meta property=\"og:image:type\" content=\"image\/png\" \/>\n<meta name=\"twitter:card\" content=\"summary_large_image\" \/>\n<meta name=\"twitter:label1\" content=\"Estimation du temps de lecture\" \/>\n\t<meta name=\"twitter:data1\" content=\"3 minutes\" \/>\n<script type=\"application\/ld+json\" class=\"yoast-schema-graph\">{\"@context\":\"https:\\\/\\\/schema.org\",\"@graph\":[{\"@type\":\"WebPage\",\"@id\":\"https:\\\/\\\/copernic.com\\\/fr\\\/politique-temoins\\\/\",\"url\":\"https:\\\/\\\/copernic.com\\\/fr\\\/politique-temoins\\\/\",\"name\":\"Cookies Policy | Copernic\",\"isPartOf\":{\"@id\":\"https:\\\/\\\/copernic.com\\\/fr\\\/#website\"},\"primaryImageOfPage\":{\"@id\":\"https:\\\/\\\/copernic.com\\\/fr\\\/politique-temoins\\\/#primaryimage\"},\"image\":{\"@id\":\"https:\\\/\\\/copernic.com\\\/fr\\\/politique-temoins\\\/#primaryimage\"},\"thumbnailUrl\":\"https:\\\/\\\/copernic.com\\\/wp-content\\\/uploads\\\/2023\\\/12\\\/copernic-smo.png\",\"datePublished\":\"2023-08-23T13:28:16+00:00\",\"dateModified\":\"2024-01-05T02:59:30+00:00\",\"breadcrumb\":{\"@id\":\"https:\\\/\\\/copernic.com\\\/fr\\\/politique-temoins\\\/#breadcrumb\"},\"inLanguage\":\"fr-CA\",\"potentialAction\":[{\"@type\":\"ReadAction\",\"target\":[\"https:\\\/\\\/copernic.com\\\/fr\\\/politique-temoins\\\/\"]}]},{\"@type\":\"ImageObject\",\"inLanguage\":\"fr-CA\",\"@id\":\"https:\\\/\\\/copernic.com\\\/fr\\\/politique-temoins\\\/#primaryimage\",\"url\":\"https:\\\/\\\/copernic.com\\\/wp-content\\\/uploads\\\/2023\\\/12\\\/copernic-smo.png\",\"contentUrl\":\"https:\\\/\\\/copernic.com\\\/wp-content\\\/uploads\\\/2023\\\/12\\\/copernic-smo.png\",\"width\":228,\"height\":230},{\"@type\":\"BreadcrumbList\",\"@id\":\"https:\\\/\\\/copernic.com\\\/fr\\\/politique-temoins\\\/#breadcrumb\",\"itemListElement\":[{\"@type\":\"ListItem\",\"position\":1,\"name\":\"Home\",\"item\":\"https:\\\/\\\/copernic.com\\\/fr\\\/home\\\/\"},{\"@type\":\"ListItem\",\"position\":2,\"name\":\"Cookies Policy\"}]},{\"@type\":\"WebSite\",\"@id\":\"https:\\\/\\\/copernic.com\\\/fr\\\/#website\",\"url\":\"https:\\\/\\\/copernic.com\\\/fr\\\/\",\"name\":\"Copernic\",\"description\":\"\",\"publisher\":{\"@id\":\"https:\\\/\\\/copernic.com\\\/fr\\\/#organization\"},\"potentialAction\":[{\"@type\":\"SearchAction\",\"target\":{\"@type\":\"EntryPoint\",\"urlTemplate\":\"https:\\\/\\\/copernic.com\\\/fr\\\/?s={search_term_string}\"},\"query-input\":{\"@type\":\"PropertyValueSpecification\",\"valueRequired\":true,\"valueName\":\"search_term_string\"}}],\"inLanguage\":\"fr-CA\"},{\"@type\":\"Organization\",\"@id\":\"https:\\\/\\\/copernic.com\\\/fr\\\/#organization\",\"name\":\"Copernic\",\"url\":\"https:\\\/\\\/copernic.com\\\/fr\\\/\",\"logo\":{\"@type\":\"ImageObject\",\"inLanguage\":\"fr-CA\",\"@id\":\"https:\\\/\\\/copernic.com\\\/fr\\\/#\\\/schema\\\/logo\\\/image\\\/\",\"url\":\"https:\\\/\\\/copernic.com\\\/wp-content\\\/uploads\\\/2023\\\/12\\\/logo.png\",\"contentUrl\":\"https:\\\/\\\/copernic.com\\\/wp-content\\\/uploads\\\/2023\\\/12\\\/logo.png\",\"width\":238,\"height\":68,\"caption\":\"Copernic\"},\"image\":{\"@id\":\"https:\\\/\\\/copernic.com\\\/fr\\\/#\\\/schema\\\/logo\\\/image\\\/\"}}]}<\/script>\n<!-- \/ Yoast SEO plugin. -->","yoast_head_json":{"title":"Cookies Policy | Copernic","robots":{"index":"index","follow":"follow","max-snippet":"max-snippet:-1","max-image-preview":"max-image-preview:large","max-video-preview":"max-video-preview:-1"},"canonical":"https:\/\/copernic.com\/fr\/politique-temoins\/","og_locale":"fr_CA","og_type":"article","og_title":"Cookies Policy | Copernic","og_description":"Politique sur les t\u00e9moins T\u00e9moins et technologies semblables T\u00e9moins de premi\u00e8re et de tierce parties Un \u00ab t\u00e9moin \u00bb est un petit fichier cr\u00e9\u00e9 par un serveur Web qui peut \u00eatre stock\u00e9 sur votre appareil (si vous l&rsquo;autorisez) pour \u00eatre utilis\u00e9 soit pendant une session de navigation particuli\u00e8re (t\u00e9moin \u00ab temporaire \u00bb), soit lors d&rsquo;une...","og_url":"https:\/\/copernic.com\/fr\/politique-temoins\/","og_site_name":"Copernic","article_modified_time":"2024-01-05T02:59:30+00:00","og_image":[{"width":228,"height":230,"url":"https:\/\/copernic.com\/wp-content\/uploads\/2023\/12\/copernic-smo.png","type":"image\/png"}],"twitter_card":"summary_large_image","twitter_misc":{"Estimation du temps de lecture":"3 minutes"},"schema":{"@context":"https:\/\/schema.org","@graph":[{"@type":"WebPage","@id":"https:\/\/copernic.com\/fr\/politique-temoins\/","url":"https:\/\/copernic.com\/fr\/politique-temoins\/","name":"Cookies Policy | Copernic","isPartOf":{"@id":"https:\/\/copernic.com\/fr\/#website"},"primaryImageOfPage":{"@id":"https:\/\/copernic.com\/fr\/politique-temoins\/#primaryimage"},"image":{"@id":"https:\/\/copernic.com\/fr\/politique-temoins\/#primaryimage"},"thumbnailUrl":"https:\/\/copernic.com\/wp-content\/uploads\/2023\/12\/copernic-smo.png","datePublished":"2023-08-23T13:28:16+00:00","dateModified":"2024-01-05T02:59:30+00:00","breadcrumb":{"@id":"https:\/\/copernic.com\/fr\/politique-temoins\/#breadcrumb"},"inLanguage":"fr-CA","potentialAction":[{"@type":"ReadAction","target":["https:\/\/copernic.com\/fr\/politique-temoins\/"]}]},{"@type":"ImageObject","inLanguage":"fr-CA","@id":"https:\/\/copernic.com\/fr\/politique-temoins\/#primaryimage","url":"https:\/\/copernic.com\/wp-content\/uploads\/2023\/12\/copernic-smo.png","contentUrl":"https:\/\/copernic.com\/wp-content\/uploads\/2023\/12\/copernic-smo.png","width":228,"height":230},{"@type":"BreadcrumbList","@id":"https:\/\/copernic.com\/fr\/politique-temoins\/#breadcrumb","itemListElement":[{"@type":"ListItem","position":1,"name":"Home","item":"https:\/\/copernic.com\/fr\/home\/"},{"@type":"ListItem","position":2,"name":"Cookies Policy"}]},{"@type":"WebSite","@id":"https:\/\/copernic.com\/fr\/#website","url":"https:\/\/copernic.com\/fr\/","name":"Copernic","description":"","publisher":{"@id":"https:\/\/copernic.com\/fr\/#organization"},"potentialAction":[{"@type":"SearchAction","target":{"@type":"EntryPoint","urlTemplate":"https:\/\/copernic.com\/fr\/?s={search_term_string}"},"query-input":{"@type":"PropertyValueSpecification","valueRequired":true,"valueName":"search_term_string"}}],"inLanguage":"fr-CA"},{"@type":"Organization","@id":"https:\/\/copernic.com\/fr\/#organization","name":"Copernic","url":"https:\/\/copernic.com\/fr\/","logo":{"@type":"ImageObject","inLanguage":"fr-CA","@id":"https:\/\/copernic.com\/fr\/#\/schema\/logo\/image\/","url":"https:\/\/copernic.com\/wp-content\/uploads\/2023\/12\/logo.png","contentUrl":"https:\/\/copernic.com\/wp-content\/uploads\/2023\/12\/logo.png","width":238,"height":68,"caption":"Copernic"},"image":{"@id":"https:\/\/copernic.com\/fr\/#\/schema\/logo\/image\/"}}]}},"taxonomy_info":[],"featured_image_src_large":["https:\/\/copernic.com\/wp-content\/uploads\/2023\/12\/copernic-smo.png",228,230,false],"author_info":{"display_name":"R\u00f3mulo Oma\u00f1a","author_link":"https:\/\/copernic.com\/fr\/author\/romanacopernic-com\/"},"comment_info":0,"_links":{"self":[{"href":"https:\/\/copernic.com\/fr\/wp-json\/wp\/v2\/pages\/5356","targetHints":{"allow":["GET"]}}],"collection":[{"href":"https:\/\/copernic.com\/fr\/wp-json\/wp\/v2\/pages"}],"about":[{"href":"https:\/\/copernic.com\/fr\/wp-json\/wp\/v2\/types\/page"}],"author":[{"embeddable":true,"href":"https:\/\/copernic.com\/fr\/wp-json\/wp\/v2\/users\/3"}],"replies":[{"embeddable":true,"href":"https:\/\/copernic.com\/fr\/wp-json\/wp\/v2\/comments?post=5356"}],"version-history":[{"count":3,"href":"https:\/\/copernic.com\/fr\/wp-json\/wp\/v2\/pages\/5356\/revisions"}],"predecessor-version":[{"id":7896,"href":"https:\/\/copernic.com\/fr\/wp-json\/wp\/v2\/pages\/5356\/revisions\/7896"}],"wp:featuredmedia":[{"embeddable":true,"href":"https:\/\/copernic.com\/fr\/wp-json\/wp\/v2\/media\/5892"}],"wp:attachment":[{"href":"https:\/\/copernic.com\/fr\/wp-json\/wp\/v2\/media?parent=5356"}],"curies":[{"name":"wp","href":"https:\/\/api.w.org\/{rel}","templated":true}]}}